{"id":480,"date":"2013-07-11T17:17:14","date_gmt":"2013-07-11T17:17:14","guid":{"rendered":"http:\/\/www.limpiezaadomiciliobarcelona.com\/?page_id=480"},"modified":"2017-11-27T18:03:44","modified_gmt":"2017-11-27T18:03:44","slug":"altres-serveis","status":"publish","type":"page","link":"https:\/\/www.limpiezaadomiciliobarcelona.com\/ca\/serveis-per-al-domicili\/altres-serveis\/","title":{"rendered":"Altres serveis"},"content":{"rendered":"<blockquote>\n<div class=\"gmail_signature\" data-smartmail=\"gmail_signature\">\n<div dir=\"ltr\">Els serveis que podem oferir-li s\u00f3n m\u00faltiples i variats, ens adaptem a les seves sol\u00b7licituds i al que la seva llar necessiti. <\/div>\n<div dir=\"ltr\">Treballem exclusivament a Barcelona ciutat.<\/div>\n<\/div>\n<\/blockquote>\n<p><span style=\"text-decoration: underline;\"><strong>SERVEIS FIXES, DE MANTENIMENT<\/strong><\/span><\/p>\n<ul>\n<li style=\"text-align: justify;\">Serveis d&#8217;un o diversos dies a la setmana, tamb\u00e9 serveis quinzenals.<\/li>\n<li style=\"text-align: justify;\">Avantatge que sempre hi va la mateixa oper\u00e0ria (link a nuestro personal) de <strong>Neteja a domicili Barcelona<\/strong> i sempre en l&#8217;horari establert amb vost\u00e8.<\/li>\n<li style=\"text-align: justify;\">Tarifa m\u00e9s econ\u00f2mica que en serveis espor\u00e0dics.<\/li>\n<li style=\"text-align: justify;\">A m\u00e9s dels serveis anteriors, el nostre personal pot dedicar-se a altres treballs en l&#8217;horari contractat com neteja del domicili cuina posar rentadores, acompanyar menors a l&#8217;escola, passeig de mascotes, etc &#8230;<\/li>\n<\/ul>\n<p><span style=\"text-decoration: underline;\"><strong>SERVEIS ESPOR\u00c0DICS<\/strong><\/span><\/p>\n<ul>\n<li style=\"text-align: justify;\">Serveis puntuals que es contracten de manera espor\u00e0dica, per exemple per a una mudan\u00e7a o obra en el domicili ajudant amb l&#8217;embalatge i la neteja.<\/li>\n<\/ul>\n<p>&nbsp;<\/p>\n<p align=\"center\"><a href=\"https:\/\/www.limpiezaadomiciliobarcelona.com\/wp-content\/uploads\/2013\/07\/Limpiezas_a_Domicilio_Barcelona_Servicios_Varios.jpg\"><img decoding=\"async\" class=\"lazyload aligncenter size-full wp-image-1544\" src=\"https:\/\/www.limpiezaadomiciliobarcelona.com\/wp-content\/uploads\/2013\/07\/Limpiezas_a_Domicilio_Barcelona_Servicios_Varios.jpg\" data-orig-src=\"https:\/\/www.limpiezaadomiciliobarcelona.com\/wp-content\/uploads\/2013\/07\/Limpiezas_a_Domicilio_Barcelona_Servicios_Varios.jpg\" alt=\"\" width=\"709\" height=\"500\" srcset=\"data:image\/svg+xml,%3Csvg%20xmlns%3D%27http%3A%2F%2Fwww.w3.org%2F2000%2Fsvg%27%20width%3D%27709%27%20height%3D%27500%27%20viewBox%3D%270%200%20709%20500%27%3E%3Crect%20width%3D%27709%27%20height%3D%27500%27%20fill-opacity%3D%220%22%2F%3E%3C%2Fsvg%3E\" data-srcset=\"https:\/\/www.limpiezaadomiciliobarcelona.com\/wp-content\/uploads\/2013\/07\/Limpiezas_a_Domicilio_Barcelona_Servicios_Varios-200x141.jpg 200w, https:\/\/www.limpiezaadomiciliobarcelona.com\/wp-content\/uploads\/2013\/07\/Limpiezas_a_Domicilio_Barcelona_Servicios_Varios-300x212.jpg 300w, https:\/\/www.limpiezaadomiciliobarcelona.com\/wp-content\/uploads\/2013\/07\/Limpiezas_a_Domicilio_Barcelona_Servicios_Varios-400x282.jpg 400w, https:\/\/www.limpiezaadomiciliobarcelona.com\/wp-content\/uploads\/2013\/07\/Limpiezas_a_Domicilio_Barcelona_Servicios_Varios-600x423.jpg 600w, https:\/\/www.limpiezaadomiciliobarcelona.com\/wp-content\/uploads\/2013\/07\/Limpiezas_a_Domicilio_Barcelona_Servicios_Varios.jpg 709w\" data-sizes=\"auto\" data-orig-sizes=\"(max-width: 709px) 100vw, 709px\" \/><\/a><\/p>\n<p align=\"center\"><a href=\"https:\/\/www.limpiezaadomiciliobarcelona.com\/wp-content\/uploads\/2017\/04\/Limpiezas_a_domicilio_Barcelona_que_Fem_cat.png\"><img decoding=\"async\" class=\"lazyload alignnone size-full wp-image-466\" src=\"data:image\/svg+xml,%3Csvg%20xmlns%3D%27http%3A%2F%2Fwww.w3.org%2F2000%2Fsvg%27%20width%3D%27269%27%20height%3D%27340%27%20viewBox%3D%270%200%20269%20340%27%3E%3Crect%20width%3D%27269%27%20height%3D%27340%27%20fill-opacity%3D%220%22%2F%3E%3C%2Fsvg%3E\" data-orig-src=\"https:\/\/www.limpiezaadomiciliobarcelona.com\/wp-content\/uploads\/2017\/04\/Limpiezas_a_domicilio_Barcelona_que_Fem_cat.png\" alt=\"Limpiezas_a_domicilio_Barcelona_que_Fem_cat\" width=\"269\" height=\"340\" \/><\/a><\/p>\n","protected":false},"excerpt":{"rendered":"<p>Els serveis que podem oferir-li s\u00f3n m\u00faltiples i variats, ens adaptem a les seves sol\u00b7licituds i al que la seva llar necessiti. Treballem exclusivament a Barcelona ciutat. SERVEIS FIXES, DE MANTENIMENT Serveis d&#8217;un o diversos dies a la setmana, tamb\u00e9 serveis quinzenals. Avantatge que sempre hi va la mateixa oper\u00e0ria (link a nuestro personal) de [&#8230;]<\/p>\n","protected":false},"author":1,"featured_media":0,"parent":468,"menu_order":5,"comment_status":"open","ping_status":"open","template":"","meta":{"footnotes":""},"class_list":["post-480","page","type-page","status-publish","hentry"],"aioseo_notices":[],"_links":{"self":[{"href":"https:\/\/www.limpiezaadomiciliobarcelona.com\/ca\/wp-json\/wp\/v2\/pages\/480","targetHints":{"allow":["GET"]}}],"collection":[{"href":"https:\/\/www.limpiezaadomiciliobarcelona.com\/ca\/wp-json\/wp\/v2\/pages"}],"about":[{"href":"https:\/\/www.limpiezaadomiciliobarcelona.com\/ca\/wp-json\/wp\/v2\/types\/page"}],"author":[{"embeddable":true,"href":"https:\/\/www.limpiezaadomiciliobarcelona.com\/ca\/wp-json\/wp\/v2\/users\/1"}],"replies":[{"embeddable":true,"href":"https:\/\/www.limpiezaadomiciliobarcelona.com\/ca\/wp-json\/wp\/v2\/comments?post=480"}],"version-history":[{"count":0,"href":"https:\/\/www.limpiezaadomiciliobarcelona.com\/ca\/wp-json\/wp\/v2\/pages\/480\/revisions"}],"up":[{"embeddable":true,"href":"https:\/\/www.limpiezaadomiciliobarcelona.com\/ca\/wp-json\/wp\/v2\/pages\/468"}],"wp:attachment":[{"href":"https:\/\/www.limpiezaadomiciliobarcelona.com\/ca\/wp-json\/wp\/v2\/media?parent=480"}],"curies":[{"name":"wp","href":"https:\/\/api.w.org\/{rel}","templated":true}]}}