{"id":476,"date":"2013-07-11T17:12:16","date_gmt":"2013-07-11T17:12:16","guid":{"rendered":"http:\/\/www.limpiezaadomiciliobarcelona.com\/?page_id=476"},"modified":"2017-11-27T18:04:21","modified_gmt":"2017-11-27T18:04:21","slug":"neteja-de-comunitats","status":"publish","type":"page","link":"https:\/\/www.limpiezaadomiciliobarcelona.com\/ca\/serveis-per-al-domicili\/neteja-de-comunitats\/","title":{"rendered":"Neteja de comunitats"},"content":{"rendered":"<blockquote>\n<div class=\"gmail_signature\" data-smartmail=\"gmail_signature\">\n<div dir=\"ltr\">Els serveis que podem oferir-li s\u00f3n m\u00faltiples i variats, ens adaptem a les seves sol\u00b7licituds i al que la seva llar necessiti. <\/div>\n<div dir=\"ltr\">Treballem exclusivament a Barcelona ciutat.<\/div>\n<\/div>\n<\/blockquote>\n<p style=\"margin-left: 18pt; text-align: justify;\"><strong>Neteja a domicili Barcelona<\/strong> \u00e9s que una empresa familiar especialitzada en serveis per a la llar, neteja i planxa. Aix\u00f2 ens ha portat a ser professionals en l&#8217;\u00e0mbit de la neteja, on el <a href=\"http:\/\/www.limpiezaadomiciliobarcelona.com\/ca\/serveis-per-al-domicili\/\">domicili particular<\/a>\u00a0 \u00e9s el m\u00e9s complicat netejar. El que ens permet garantir una neteja de qualitat en Comunitats de Ve\u00efns.<\/p>\n<p style=\"margin-left: 18pt; text-align: justify;\"><strong><span style=\"text-decoration: underline;\">SERVEIS DE MANTENIMENT DE COMUNITATS<\/span><\/strong><\/p>\n<ul>\n<li style=\"text-align: justify;\">Serveis d&#8217;un o diversos dies a la setmana, tamb\u00e9 serveis quinzenals.<\/li>\n<li style=\"text-align: justify;\">Avantatge que sempre hi va la <a href=\"http:\/\/www.limpiezaadomiciliobarcelona.com\/ca\/nostre-personal\/\">mateixa oper\u00e0ria<\/a> de <strong>Neteja a domicili Barcelona<\/strong> i sempre en l&#8217;horari establert amb vost\u00e8.<\/li>\n<li style=\"text-align: justify;\">Tenim cura del manteniment general de les zones comuns de la Comunitat de ve\u00efns.<\/li>\n<li style=\"text-align: justify;\">Per a una millor organitzaci\u00f3, <strong>Neteja a domicili Barcelona<\/strong> planifica en un quadrant, les tasques i neteges de fondos personalitzades per la seva Comunitat.<\/li>\n<li style=\"text-align: justify;\">Realitzem una visita pr\u00e8via a les seves instal\u00b7lacions, sense cap comprom\u00eds, per poder fer-li un pressupost del cost mensual del servei de manteniment.<\/li>\n<li style=\"text-align: justify;\">En el cost mensual s\u2019inclouen els productes i materials necessaris.<\/li>\n<\/ul>\n<p>&nbsp;<\/p>\n<p align=\"center\"><a href=\"http:\/\/www.limpiezaadomiciliobarcelona.com\/wp-content\/uploads\/2013\/07\/Limpiezas_a_domicilio_Barcelona_que_Fem_cat.png\"><img decoding=\"async\" class=\"lazyload size-full wp-image-466 alignleft\" src=\"http:\/\/www.limpiezaadomiciliobarcelona.com\/wp-content\/uploads\/2013\/07\/Limpiezas_a_domicilio_Barcelona_que_Fem_cat.png\" data-orig-src=\"http:\/\/www.limpiezaadomiciliobarcelona.com\/wp-content\/uploads\/2013\/07\/Limpiezas_a_domicilio_Barcelona_que_Fem_cat.png\" alt=\"Limpiezas_a_domicilio_Barcelona_que_Fem_cat\" width=\"269\" height=\"340\" srcset=\"data:image\/svg+xml,%3Csvg%20xmlns%3D%27http%3A%2F%2Fwww.w3.org%2F2000%2Fsvg%27%20width%3D%27269%27%20height%3D%27340%27%20viewBox%3D%270%200%20269%20340%27%3E%3Crect%20width%3D%27269%27%20height%3D%27340%27%20fill-opacity%3D%220%22%2F%3E%3C%2Fsvg%3E\" data-srcset=\"https:\/\/www.limpiezaadomiciliobarcelona.com\/wp-content\/uploads\/2013\/07\/Limpiezas_a_domicilio_Barcelona_que_Fem_cat-237x300.png 237w, https:\/\/www.limpiezaadomiciliobarcelona.com\/wp-content\/uploads\/2013\/07\/Limpiezas_a_domicilio_Barcelona_que_Fem_cat.png 269w\" data-sizes=\"auto\" data-orig-sizes=\"(max-width: 269px) 100vw, 269px\" \/><\/a><\/p>\n<p align=\"center\"><a href=\"http:\/\/www.planchaadomiciliobarcelona.com\/wp-content\/uploads\/2013\/05\/Limpiezas_a_domicilio_Barcelona_Limpieza_Comunidades_Vecinos_2_pq.jpg\"><img decoding=\"async\" class=\"lazyload alignnone size-full wp-image-138\" style=\"float: right;\" src=\"http:\/\/www.planchaadomiciliobarcelona.com\/wp-content\/uploads\/2013\/05\/Limpiezas_a_domicilio_Barcelona_Limpieza_Comunidades_Vecinos_2_pq.jpg\" data-orig-src=\"http:\/\/www.planchaadomiciliobarcelona.com\/wp-content\/uploads\/2013\/05\/Limpiezas_a_domicilio_Barcelona_Limpieza_Comunidades_Vecinos_2_pq.jpg\" alt=\"Limpiezas_a_domicilio_Barcelona_Limpieza_Comunidades_Vecinos_2_pq\" width=\"366\" height=\"263\" srcset=\"data:image\/svg+xml,%3Csvg%20xmlns%3D%27http%3A%2F%2Fwww.w3.org%2F2000%2Fsvg%27%20width%3D%27366%27%20height%3D%27263%27%20viewBox%3D%270%200%20366%20263%27%3E%3Crect%20width%3D%27366%27%20height%3D%27263%27%20fill-opacity%3D%220%22%2F%3E%3C%2Fsvg%3E\" data-srcset=\"https:\/\/www.limpiezaadomiciliobarcelona.com\/wp-content\/uploads\/2013\/05\/Limpiezas_a_domicilio_Barcelona_Limpieza_Comunidades_Vecinos_2_pq-70x50.jpg 70w, https:\/\/www.limpiezaadomiciliobarcelona.com\/wp-content\/uploads\/2013\/05\/Limpiezas_a_domicilio_Barcelona_Limpieza_Comunidades_Vecinos_2_pq-300x215.jpg 300w, https:\/\/www.limpiezaadomiciliobarcelona.com\/wp-content\/uploads\/2013\/05\/Limpiezas_a_domicilio_Barcelona_Limpieza_Comunidades_Vecinos_2_pq.jpg 366w\" data-sizes=\"auto\" data-orig-sizes=\"(max-width: 366px) 100vw, 366px\" \/><\/a><\/p>\n","protected":false},"excerpt":{"rendered":"<p>Els serveis que podem oferir-li s\u00f3n m\u00faltiples i variats, ens adaptem a les seves sol\u00b7licituds i al que la seva llar necessiti. Treballem exclusivament a Barcelona ciutat. Neteja a domicili Barcelona \u00e9s que una empresa familiar especialitzada en serveis per a la llar, neteja i planxa. Aix\u00f2 ens ha portat a ser professionals en l&#8217;\u00e0mbit [&#8230;]<\/p>\n","protected":false},"author":1,"featured_media":0,"parent":468,"menu_order":4,"comment_status":"open","ping_status":"open","template":"","meta":{"footnotes":""},"class_list":["post-476","page","type-page","status-publish","hentry"],"aioseo_notices":[],"_links":{"self":[{"href":"https:\/\/www.limpiezaadomiciliobarcelona.com\/ca\/wp-json\/wp\/v2\/pages\/476","targetHints":{"allow":["GET"]}}],"collection":[{"href":"https:\/\/www.limpiezaadomiciliobarcelona.com\/ca\/wp-json\/wp\/v2\/pages"}],"about":[{"href":"https:\/\/www.limpiezaadomiciliobarcelona.com\/ca\/wp-json\/wp\/v2\/types\/page"}],"author":[{"embeddable":true,"href":"https:\/\/www.limpiezaadomiciliobarcelona.com\/ca\/wp-json\/wp\/v2\/users\/1"}],"replies":[{"embeddable":true,"href":"https:\/\/www.limpiezaadomiciliobarcelona.com\/ca\/wp-json\/wp\/v2\/comments?post=476"}],"version-history":[{"count":0,"href":"https:\/\/www.limpiezaadomiciliobarcelona.com\/ca\/wp-json\/wp\/v2\/pages\/476\/revisions"}],"up":[{"embeddable":true,"href":"https:\/\/www.limpiezaadomiciliobarcelona.com\/ca\/wp-json\/wp\/v2\/pages\/468"}],"wp:attachment":[{"href":"https:\/\/www.limpiezaadomiciliobarcelona.com\/ca\/wp-json\/wp\/v2\/media?parent=476"}],"curies":[{"name":"wp","href":"https:\/\/api.w.org\/{rel}","templated":true}]}}