{"id":474,"date":"2013-07-11T17:09:52","date_gmt":"2013-07-11T17:09:52","guid":{"rendered":"http:\/\/www.limpiezaadomiciliobarcelona.com\/?page_id=474"},"modified":"2017-04-28T18:48:58","modified_gmt":"2017-04-28T18:48:58","slug":"serveis-per-a-la-empresa","status":"publish","type":"page","link":"https:\/\/www.limpiezaadomiciliobarcelona.com\/ca\/serveis-per-a-la-empresa\/","title":{"rendered":"Serveis per a la empresa"},"content":{"rendered":"<p style=\"margin-left: 18pt; text-align: justify;\"><strong><a href=\"https:\/\/www.limpiezaadomiciliobarcelona.com\/wp-content\/uploads\/2013\/05\/Limpieza_a_domicilio_Barcelona_Empresas.jpg\"><img decoding=\"async\" class=\"lazyload size-full wp-image-1526 alignright\" src=\"https:\/\/www.limpiezaadomiciliobarcelona.com\/wp-content\/uploads\/2013\/05\/Limpieza_a_domicilio_Barcelona_Empresas.jpg\" data-orig-src=\"https:\/\/www.limpiezaadomiciliobarcelona.com\/wp-content\/uploads\/2013\/05\/Limpieza_a_domicilio_Barcelona_Empresas.jpg\" alt=\"\" width=\"397\" height=\"1070\" srcset=\"data:image\/svg+xml,%3Csvg%20xmlns%3D%27http%3A%2F%2Fwww.w3.org%2F2000%2Fsvg%27%20width%3D%27397%27%20height%3D%271070%27%20viewBox%3D%270%200%20397%201070%27%3E%3Crect%20width%3D%27397%27%20height%3D%271070%27%20fill-opacity%3D%220%22%2F%3E%3C%2Fsvg%3E\" data-srcset=\"https:\/\/www.limpiezaadomiciliobarcelona.com\/wp-content\/uploads\/2013\/05\/Limpieza_a_domicilio_Barcelona_Empresas-111x300.jpg 111w, https:\/\/www.limpiezaadomiciliobarcelona.com\/wp-content\/uploads\/2013\/05\/Limpieza_a_domicilio_Barcelona_Empresas-200x539.jpg 200w, https:\/\/www.limpiezaadomiciliobarcelona.com\/wp-content\/uploads\/2013\/05\/Limpieza_a_domicilio_Barcelona_Empresas-380x1024.jpg 380w, https:\/\/www.limpiezaadomiciliobarcelona.com\/wp-content\/uploads\/2013\/05\/Limpieza_a_domicilio_Barcelona_Empresas.jpg 397w\" data-sizes=\"auto\" data-orig-sizes=\"(max-width: 397px) 100vw, 397px\" \/><\/a>Neteja a domicili Barcelona<\/strong> \u00e9s que una empresa familiar especialitzada en serveis per a la llar, neteja i planxa. Aix\u00f2 ens ha portat a ser professionals en l&#8217;\u00e0mbit de la neteja, on el <a href=\"http:\/\/www.limpiezaadomiciliobarcelona.com\/ca\/serveis-per-al-domicili\/altres-serveis\/\">domicili particular<\/a> \u00e9s el m\u00e9s complicat netejar. El que ens permet garantir una neteja de qualitat en botigues, oficines i despatxos.<\/p>\n<p style=\"margin-left: 18pt; text-align: justify;\">Els serveis que oferim s\u00f3n m\u00faltiples i variats, ens adaptem a les seves peticions i a all\u00f2 que el seu negoci necessiti.<\/p>\n<p style=\"margin-left: 18pt; text-align: justify;\"><span style=\"text-decoration: underline;\"><strong>SERVEIS FIXES, DE MANTENIMENT<\/strong><\/span><\/p>\n<ul>\n<li style=\"text-align: justify;\">Serveis d&#8217;un o diversos dies a la setmana, tamb\u00e9 serveis quinzenals.<\/li>\n<li style=\"text-align: justify;\">Avantatge que sempre hi va la mateixa <a href=\"http:\/\/www.limpiezaadomiciliobarcelona.com\/ca\/nostre-personal\/\">oper\u00e0ria<\/a> de <strong>Neteja a domicili Barcelona<\/strong> i sempre en l&#8217;horari establert amb vost\u00e8.<\/li>\n<li style=\"text-align: justify;\">Tarifa m\u00e9s econ\u00f2mica que en serveis espor\u00e0dics.<\/li>\n<li style=\"text-align: justify;\">Ens encarreguem del manteniment general del seu comer\u00e7, oficina o despatx.<\/li>\n<li style=\"text-align: justify;\">Per a una millor organitzaci\u00f3, <strong>Neteja a domicili Barcelona<\/strong> planifica en un quadrant, les tasques i neteges de fondos personalitzades pel seu negoci.<\/li>\n<li style=\"text-align: justify;\">Realitzem una visita pr\u00e8via a les seves instal\u00b7lacions, sense cap comprom\u00eds, per poder fer-li un pressupost del cost mensual del servei de manteniment.<\/li>\n<li style=\"text-align: justify;\">En el cost mensual s\u2019inclouen els productes i materials necessaris.<\/li>\n<\/ul>\n<p style=\"margin-left: 18pt; text-align: justify;\"><strong><span style=\"text-decoration: underline;\">SERVEIS ESPOR\u00c0DICS<\/span><\/strong><\/p>\n<ul>\n<li style=\"text-align: justify;\">Serveis espec\u00edfics, que es contracten de manera espor\u00e0dica.<\/li>\n<li style=\"text-align: justify;\">Es presenten una o m\u00e9s <a href=\"http:\/\/www.limpiezaadomiciliobarcelona.com\/ca\/nostre-personal\/\">oper\u00e0ries<\/a>, en funci\u00f3 del treball i temps de portar-lo a terme.<\/li>\n<li style=\"text-align: justify;\">Les tasques poden ser de neteja de fons d&#8217;una o diverses \u00e0rees del seu negoci, una neteja a fons integral del local comercial, oficina o despatx o una neteja de manteniment general.<\/li>\n<li style=\"text-align: justify;\">Per a una millor organitzaci\u00f3 a les neteges integrals, <strong>Neteja a domicili Barcelona<\/strong> fa una visita pr\u00e8via de les instal\u00b7lacions i planifica l&#8217;ordre previst, les oper\u00e0ries i l&#8217;equip de maquin\u00e0ria i materials necessaris.<\/li>\n<li style=\"text-align: justify;\">S\u2019inclouen els netejadors professionals (sabons) que porten les operaries a la motxilla de treball.<\/li>\n<li style=\"text-align: justify;\">En les neteges integrals, tamb\u00e9 s\u2019inclou maquin\u00e0ria, materials i recollida de residus.<\/li>\n<\/ul>\n<p style=\"margin-left: 18.0pt;\"><a href=\"http:\/\/www.limpiezaadomiciliobarcelona.com\/wp-content\/uploads\/2013\/07\/Limpiezas_a_domicilio_Barcelona_que_Fem_cat.png\"><img decoding=\"async\" class=\"lazyload size-full wp-image-466 alignleft\" src=\"http:\/\/www.limpiezaadomiciliobarcelona.com\/wp-content\/uploads\/2013\/07\/Limpiezas_a_domicilio_Barcelona_que_Fem_cat.png\" data-orig-src=\"http:\/\/www.limpiezaadomiciliobarcelona.com\/wp-content\/uploads\/2013\/07\/Limpiezas_a_domicilio_Barcelona_que_Fem_cat.png\" alt=\"Limpiezas_a_domicilio_Barcelona_que_Fem_cat\" width=\"269\" height=\"340\" srcset=\"data:image\/svg+xml,%3Csvg%20xmlns%3D%27http%3A%2F%2Fwww.w3.org%2F2000%2Fsvg%27%20width%3D%27269%27%20height%3D%27340%27%20viewBox%3D%270%200%20269%20340%27%3E%3Crect%20width%3D%27269%27%20height%3D%27340%27%20fill-opacity%3D%220%22%2F%3E%3C%2Fsvg%3E\" data-srcset=\"https:\/\/www.limpiezaadomiciliobarcelona.com\/wp-content\/uploads\/2013\/07\/Limpiezas_a_domicilio_Barcelona_que_Fem_cat-237x300.png 237w, https:\/\/www.limpiezaadomiciliobarcelona.com\/wp-content\/uploads\/2013\/07\/Limpiezas_a_domicilio_Barcelona_que_Fem_cat.png 269w\" data-sizes=\"auto\" data-orig-sizes=\"(max-width: 269px) 100vw, 269px\" \/><\/a><\/p>\n","protected":false},"excerpt":{"rendered":"<p>Neteja a domicili Barcelona \u00e9s que una empresa familiar especialitzada en serveis per a la llar, neteja i planxa. Aix\u00f2 ens ha portat a ser professionals en l&#8217;\u00e0mbit de la neteja, on el domicili particular \u00e9s el m\u00e9s complicat netejar. El que ens permet garantir una neteja de qualitat en botigues, oficines i despatxos. Els [&#8230;]<\/p>\n","protected":false},"author":1,"featured_media":0,"parent":0,"menu_order":0,"comment_status":"open","ping_status":"open","template":"","meta":{"footnotes":""},"class_list":["post-474","page","type-page","status-publish","hentry"],"aioseo_notices":[],"_links":{"self":[{"href":"https:\/\/www.limpiezaadomiciliobarcelona.com\/ca\/wp-json\/wp\/v2\/pages\/474","targetHints":{"allow":["GET"]}}],"collection":[{"href":"https:\/\/www.limpiezaadomiciliobarcelona.com\/ca\/wp-json\/wp\/v2\/pages"}],"about":[{"href":"https:\/\/www.limpiezaadomiciliobarcelona.com\/ca\/wp-json\/wp\/v2\/types\/page"}],"author":[{"embeddable":true,"href":"https:\/\/www.limpiezaadomiciliobarcelona.com\/ca\/wp-json\/wp\/v2\/users\/1"}],"replies":[{"embeddable":true,"href":"https:\/\/www.limpiezaadomiciliobarcelona.com\/ca\/wp-json\/wp\/v2\/comments?post=474"}],"version-history":[{"count":0,"href":"https:\/\/www.limpiezaadomiciliobarcelona.com\/ca\/wp-json\/wp\/v2\/pages\/474\/revisions"}],"wp:attachment":[{"href":"https:\/\/www.limpiezaadomiciliobarcelona.com\/ca\/wp-json\/wp\/v2\/media?parent=474"}],"curies":[{"name":"wp","href":"https:\/\/api.w.org\/{rel}","templated":true}]}}