{"id":470,"date":"2013-07-11T17:03:51","date_gmt":"2013-07-11T17:03:51","guid":{"rendered":"http:\/\/www.limpiezaadomiciliobarcelona.com\/?page_id=470"},"modified":"2017-11-27T18:04:48","modified_gmt":"2017-11-27T18:04:48","slug":"plantxa-a-domicili","status":"publish","type":"page","link":"https:\/\/www.limpiezaadomiciliobarcelona.com\/ca\/serveis-per-al-domicili\/plantxa-a-domicili\/","title":{"rendered":"Planxa a domicili"},"content":{"rendered":"<blockquote>\n<div class=\"gmail_signature\" data-smartmail=\"gmail_signature\">\n<div dir=\"ltr\">Els serveis que podem oferir-li s\u00f3n m\u00faltiples i variats, ens adaptem a les seves sol\u00b7licituds i al que la seva llar necessiti. <\/div>\n<div dir=\"ltr\">Treballem exclusivament a Barcelona ciutat.<\/div>\n<\/div>\n<\/blockquote>\n<p style=\"text-align: justify;\"><strong><span style=\"font-weight: bold;\">\u00a0\u00a0\u00a0\u00a0\u00a0\u00a0<\/span><\/strong><span style=\"text-decoration: underline;\"><strong>SERVEIS FIXES, DE MANTENIMENT<\/strong><\/span><\/p>\n<ul>\n<li>Serveis d&#8217;un o diversos dies a la setmana, tamb\u00e9 serveis quinzenals.<\/li>\n<li>Avantatge que sempre hi va la mateixa <a href=\"http:\/\/www.limpiezaadomiciliobarcelona.com\/ca\/nostre-personal\/\">oper\u00e0ria<\/a> de <strong>Planxa a domicili Barcelona<\/strong> i sempre en l&#8217;horari establert amb vost\u00e8.<\/li>\n<li>Tarifa m\u00e9s econ\u00f2mica que en serveis espor\u00e0dics.<\/li>\n<li>Les tasques que realitzem s\u00f3n la planxa, doblegar i plegar la roba i col. locaci\u00f3 en armaris i zones d&#8217;emmagatzematge.<\/li>\n<li>A m\u00e9s de la planxa, el nostre personal pot dedicar-se a <a href=\"http:\/\/www.limpiezaadomiciliobarcelona.com\/ca\/serveis-per-al-domicili\/altres-serveis\/\">altres treballs<\/a> durant l&#8217;horari contractat com la neteja de la llar, cuina, posar rentadores, acompanyar els fills a l&#8217;escola, passejar animals de companyia, etc.<\/li>\n<\/ul>\n<p style=\"margin-left: 18pt; text-align: justify;\"><strong><span style=\"text-decoration: underline;\">SERVEIS ESPOR\u00c0DICS<\/span><\/strong><\/p>\n<ul>\n<li>Serveis espec\u00edfics, que es contracten de manera espor\u00e0dica.<\/li>\n<li>Les tasques poden ser la planxa habitual de la setmana o la planxa de canvi estacional, deixant totes les peces preparades pel seu emmagatzematge.<\/li>\n<\/ul>\n<p>&nbsp;<\/p>\n<p><a href=\"http:\/\/www.limpiezaadomiciliobarcelona.com\/wp-content\/uploads\/2013\/05\/Limpieza_a_domicilio_barcelona_20.jpg\"><img decoding=\"async\" width=\"399\" height=\"533\" class=\"lazyload  size-full wp-image-418 alignright\" style=\"float: right; width: 252px; height: 337px;\" src=\"http:\/\/www.limpiezaadomiciliobarcelona.com\/wp-content\/uploads\/2013\/05\/Limpieza_a_domicilio_barcelona_20.jpg\" data-orig-src=\"http:\/\/www.limpiezaadomiciliobarcelona.com\/wp-content\/uploads\/2013\/05\/Limpieza_a_domicilio_barcelona_20.jpg\" alt=\"Limpieza_a_domicilio_barcelona_20\" srcset=\"data:image\/svg+xml,%3Csvg%20xmlns%3D%27http%3A%2F%2Fwww.w3.org%2F2000%2Fsvg%27%20width%3D%27399%27%20height%3D%27533%27%20viewBox%3D%270%200%20399%20533%27%3E%3Crect%20width%3D%27399%27%20height%3D%27533%27%20fill-opacity%3D%220%22%2F%3E%3C%2Fsvg%3E\" data-srcset=\"https:\/\/www.limpiezaadomiciliobarcelona.com\/wp-content\/uploads\/2013\/05\/Limpieza_a_domicilio_barcelona_20-224x300.jpg 224w, https:\/\/www.limpiezaadomiciliobarcelona.com\/wp-content\/uploads\/2013\/05\/Limpieza_a_domicilio_barcelona_20.jpg 399w\" data-sizes=\"auto\" data-orig-sizes=\"(max-width: 399px) 100vw, 399px\" \/><\/a><a href=\"https:\/\/www.limpiezaadomiciliobarcelona.com\/wp-content\/uploads\/2017\/04\/Limpiezas_a_domicilio_Barcelona_que_Fem_cat.png\"><img decoding=\"async\" class=\"lazyload  size-full wp-image-466 alignleft\" src=\"data:image\/svg+xml,%3Csvg%20xmlns%3D%27http%3A%2F%2Fwww.w3.org%2F2000%2Fsvg%27%20width%3D%27269%27%20height%3D%27340%27%20viewBox%3D%270%200%20269%20340%27%3E%3Crect%20width%3D%27269%27%20height%3D%27340%27%20fill-opacity%3D%220%22%2F%3E%3C%2Fsvg%3E\" data-orig-src=\"https:\/\/www.limpiezaadomiciliobarcelona.com\/wp-content\/uploads\/2017\/04\/Limpiezas_a_domicilio_Barcelona_que_Fem_cat.png\" alt=\"Limpiezas_a_domicilio_Barcelona_que_Fem_cat\" width=\"269\" height=\"340\" \/><\/a><\/p>\n","protected":false},"excerpt":{"rendered":"<p>Els serveis que podem oferir-li s\u00f3n m\u00faltiples i variats, ens adaptem a les seves sol\u00b7licituds i al que la seva llar necessiti. Treballem exclusivament a Barcelona ciutat. \u00a0\u00a0\u00a0\u00a0\u00a0\u00a0SERVEIS FIXES, DE MANTENIMENT Serveis d&#8217;un o diversos dies a la setmana, tamb\u00e9 serveis quinzenals. Avantatge que sempre hi va la mateixa oper\u00e0ria de Planxa a domicili Barcelona [&#8230;]<\/p>\n","protected":false},"author":1,"featured_media":0,"parent":468,"menu_order":2,"comment_status":"open","ping_status":"open","template":"","meta":{"footnotes":""},"class_list":["post-470","page","type-page","status-publish","hentry"],"aioseo_notices":[],"_links":{"self":[{"href":"https:\/\/www.limpiezaadomiciliobarcelona.com\/ca\/wp-json\/wp\/v2\/pages\/470","targetHints":{"allow":["GET"]}}],"collection":[{"href":"https:\/\/www.limpiezaadomiciliobarcelona.com\/ca\/wp-json\/wp\/v2\/pages"}],"about":[{"href":"https:\/\/www.limpiezaadomiciliobarcelona.com\/ca\/wp-json\/wp\/v2\/types\/page"}],"author":[{"embeddable":true,"href":"https:\/\/www.limpiezaadomiciliobarcelona.com\/ca\/wp-json\/wp\/v2\/users\/1"}],"replies":[{"embeddable":true,"href":"https:\/\/www.limpiezaadomiciliobarcelona.com\/ca\/wp-json\/wp\/v2\/comments?post=470"}],"version-history":[{"count":0,"href":"https:\/\/www.limpiezaadomiciliobarcelona.com\/ca\/wp-json\/wp\/v2\/pages\/470\/revisions"}],"up":[{"embeddable":true,"href":"https:\/\/www.limpiezaadomiciliobarcelona.com\/ca\/wp-json\/wp\/v2\/pages\/468"}],"wp:attachment":[{"href":"https:\/\/www.limpiezaadomiciliobarcelona.com\/ca\/wp-json\/wp\/v2\/media?parent=470"}],"curies":[{"name":"wp","href":"https:\/\/api.w.org\/{rel}","templated":true}]}}