{"id":462,"date":"2013-07-11T16:37:20","date_gmt":"2013-07-11T16:37:20","guid":{"rendered":"http:\/\/www.limpiezaadomiciliobarcelona.com\/?page_id=462"},"modified":"2017-04-28T15:12:17","modified_gmt":"2017-04-28T15:12:17","slug":"nostre-personal","status":"publish","type":"page","link":"https:\/\/www.limpiezaadomiciliobarcelona.com\/ca\/nostre-personal\/","title":{"rendered":"Nostre personal"},"content":{"rendered":"<p style=\"text-align: justify;\"><a href=\"http:\/\/www.limpiezaadomiciliobarcelona.com\/wp-content\/uploads\/2013\/05\/Limpieza_a_domiclio_Barcelona_19.jpg\"><img decoding=\"async\" width=\"425\" height=\"282\" class=\"lazyload alignnone size-full wp-image-420\" style=\"float: right; width: 433px; height: 287px;\" alt=\"Limpieza_a_domiclio_Barcelona_19\" src=\"http:\/\/www.limpiezaadomiciliobarcelona.com\/wp-content\/uploads\/2013\/05\/Limpieza_a_domiclio_Barcelona_19.jpg\" data-orig-src=\"http:\/\/www.limpiezaadomiciliobarcelona.com\/wp-content\/uploads\/2013\/05\/Limpieza_a_domiclio_Barcelona_19.jpg\" srcset=\"data:image\/svg+xml,%3Csvg%20xmlns%3D%27http%3A%2F%2Fwww.w3.org%2F2000%2Fsvg%27%20width%3D%27425%27%20height%3D%27282%27%20viewBox%3D%270%200%20425%20282%27%3E%3Crect%20width%3D%27425%27%20height%3D%27282%27%20fill-opacity%3D%220%22%2F%3E%3C%2Fsvg%3E\" data-srcset=\"https:\/\/www.limpiezaadomiciliobarcelona.com\/wp-content\/uploads\/2013\/05\/Limpieza_a_domiclio_Barcelona_19-300x199.jpg 300w, https:\/\/www.limpiezaadomiciliobarcelona.com\/wp-content\/uploads\/2013\/05\/Limpieza_a_domiclio_Barcelona_19.jpg 425w\" data-sizes=\"auto\" data-orig-sizes=\"(max-width: 425px) 100vw, 425px\" \/><\/a>La nostra missi\u00f3 \u00e9s fer un bon servei a la seva <a href=\"http:\/\/www.limpiezaadomiciliobarcelona.com\/ca\/serveis-per-al-domicili\/\">llar<\/a>, <a href=\"http:\/\/www.limpiezaadomiciliobarcelona.com\/ca\/serveis-per-al-domicili\/neteja-de-comunitats\/\">comunitat<\/a> o <a href=\"http:\/\/www.limpiezaadomiciliobarcelona.com\/ca\/serveis-per-a-la-empresa\/\">negoci<\/a>. Per tant, la nostra prioritat \u00e9s tenir un bon equip de professionals.<\/p>\n<ul>\n<li style=\"text-align: justify;\">Tot el nostre personal ha estat format en <strong>Neteja a domicili Barcelona<\/strong>, completant cursos espec\u00edfics en l&#8217;\u00e0mbit de la neteja professional i l&#8217;\u00fas de productes i maquin\u00e0ria, <a href=\"http:\/\/www.limpiezaadomiciliobarcelona.com\/ca\/serveis-per-al-domicili\/plantxa-a-domicili\/\">la planxa<\/a> i la cura de la robat i la Prevenci\u00f3 de Riscos Laborals.<\/li>\n<li style=\"text-align: justify;\">Els nostres operaris s\u00f3n plenament de confian\u00e7a, tenen un Contracte de treball amb <strong>Neteja a domicili Barcelona<\/strong>, s\u00f3n donats d\u2019alta en R\u00e8gim General de la Seguretat Social, amb M\u00fatua d&#8217;Accidents i P\u00f2lissa privada. El seu salari \u00e9 el que marca el Conveni col\u00b7lectiu de neteja a Catalunya, amb dos pagues extra anuals extra i vacances pagades un mes a l\u2019any.<\/li>\n<li style=\"text-align: justify;\">En cas que l\u2019oper\u00e0ria habitual que realitza el servei, falt\u00e9s per l&#8217;absentisme laboral, baix per malaltia, vacances, etc., amb el seu previ consentiment, podem substituir-la per una altre treballadora amb les mateixes capacitats i condicions. D&#8217;aquesta manera li ser\u00e0 sempre assegurat el servei de neteja o planxa.<\/li>\n<li style=\"text-align: justify;\">Si al contractar un servei de manteniment fixe, ja sigui en la seva llar, comunitat o negoci, l\u2019oper\u00e0ria que li adjudic\u00e0rem no fos del seu gust total, no t\u00e9 res m\u00e9s que trucar-nos \u00a0i li proposar\u00edem\u00a0 una altra oper\u00e0ria que s&#8217;adapt\u00e9s als seus requisits.<\/li>\n<li style=\"text-align: justify;\">Per tot aix\u00f2, contractant <strong>Neteja a domicili Barcelona<\/strong>, vost\u00e8 no tindr\u00e0 cap preocupaci\u00f3 o responsabilitat sobre personal.<\/li>\n<\/ul>\n<p style=\"text-align: justify;\">No ha de preocupar-se per sobrepreus no calculats, o costos associats amb els acomiadaments, tot est\u00e0 incl\u00f2s en el cost del nostre servei, aix\u00ed la relaci\u00f3 \u00e9s directament amb l\u2019empresa contractant un servei, en cap moment personal sota la seva responsabilitat.<\/p>\n<p style=\"text-align: justify;\">F\u00e0cil, c\u00f2mode i segur. Nom\u00e9s pagar\u00e0 pels serveis prestats i no tindr\u00e0 cap imprevist econ\u00f2mic.<\/p>\n<p style=\"text-align: justify;\">Vost\u00e8 no ha de gestionar <a href=\"http:\/\/www.limpiezaadomiciliobarcelona.com\/ca\/llei-empleats-del-hogar\/\">empleats<\/a> <a href=\"http:\/\/www.limpiezaadomiciliobarcelona.com\/ca\/llei-empleats-del-hogar\/\">de llar<\/a> directament, nosaltres acompanyem al personal quan un servei s&#8217;inicia o \u00e9s substitueix un operari amb els seg\u00fcents objectius: presentar-lo i dir-li segons les seves necessitats com vol dur a terme les tasques a casa seva. Si hi ha qualsevol problema o suggeriment, es realitza a trav\u00e9s de nosaltres, sense haver d&#8217;entrar en detalls amb l&#8217;empleat, nosaltres fem a aquestes tasques per a vost\u00e8.<\/p>\n<p style=\"text-align: justify;\"><a href=\"http:\/\/www.limpiezaadomiciliobarcelona.com\/wp-content\/uploads\/2013\/05\/Limpiezas_a_domicilio_Barcelona_20.jpg\"><img decoding=\"async\" width=\"432\" height=\"300\" class=\"lazyload alignnone size-full wp-image-363\" style=\"float: right; width: 438px; height: 304px;\" alt=\"Limpiezas_a_domicilio_Barcelona_20\" src=\"http:\/\/www.limpiezaadomiciliobarcelona.com\/wp-content\/uploads\/2013\/05\/Limpiezas_a_domicilio_Barcelona_20.jpg\" data-orig-src=\"http:\/\/www.limpiezaadomiciliobarcelona.com\/wp-content\/uploads\/2013\/05\/Limpiezas_a_domicilio_Barcelona_20.jpg\" srcset=\"data:image\/svg+xml,%3Csvg%20xmlns%3D%27http%3A%2F%2Fwww.w3.org%2F2000%2Fsvg%27%20width%3D%27432%27%20height%3D%27300%27%20viewBox%3D%270%200%20432%20300%27%3E%3Crect%20width%3D%27432%27%20height%3D%27300%27%20fill-opacity%3D%220%22%2F%3E%3C%2Fsvg%3E\" data-srcset=\"https:\/\/www.limpiezaadomiciliobarcelona.com\/wp-content\/uploads\/2013\/05\/Limpiezas_a_domicilio_Barcelona_20-70x50.jpg 70w, https:\/\/www.limpiezaadomiciliobarcelona.com\/wp-content\/uploads\/2013\/05\/Limpiezas_a_domicilio_Barcelona_20-300x208.jpg 300w, https:\/\/www.limpiezaadomiciliobarcelona.com\/wp-content\/uploads\/2013\/05\/Limpiezas_a_domicilio_Barcelona_20.jpg 432w\" data-sizes=\"auto\" data-orig-sizes=\"(max-width: 432px) 100vw, 432px\" \/><\/a><a href=\"http:\/\/www.limpiezaadomiciliobarcelona.com\/wp-content\/uploads\/2013\/07\/Limpiezas_a_domicilio_Barcelona_que_Fem_cat.png\"><img decoding=\"async\" class=\"lazyload alignnone size-full wp-image-466\" alt=\"Limpiezas_a_domicilio_Barcelona_que_Fem_cat\" src=\"http:\/\/www.limpiezaadomiciliobarcelona.com\/wp-content\/uploads\/2013\/07\/Limpiezas_a_domicilio_Barcelona_que_Fem_cat.png\" data-orig-src=\"http:\/\/www.limpiezaadomiciliobarcelona.com\/wp-content\/uploads\/2013\/07\/Limpiezas_a_domicilio_Barcelona_que_Fem_cat.png\" width=\"269\" height=\"340\" srcset=\"data:image\/svg+xml,%3Csvg%20xmlns%3D%27http%3A%2F%2Fwww.w3.org%2F2000%2Fsvg%27%20width%3D%27269%27%20height%3D%27340%27%20viewBox%3D%270%200%20269%20340%27%3E%3Crect%20width%3D%27269%27%20height%3D%27340%27%20fill-opacity%3D%220%22%2F%3E%3C%2Fsvg%3E\" data-srcset=\"https:\/\/www.limpiezaadomiciliobarcelona.com\/wp-content\/uploads\/2013\/07\/Limpiezas_a_domicilio_Barcelona_que_Fem_cat-237x300.png 237w, https:\/\/www.limpiezaadomiciliobarcelona.com\/wp-content\/uploads\/2013\/07\/Limpiezas_a_domicilio_Barcelona_que_Fem_cat.png 269w\" data-sizes=\"auto\" data-orig-sizes=\"(max-width: 269px) 100vw, 269px\" \/><\/a><\/p>\n","protected":false},"excerpt":{"rendered":"<p>La nostra missi\u00f3 \u00e9s fer un bon servei a la seva llar, comunitat o negoci. Per tant, la nostra prioritat \u00e9s tenir un bon equip de professionals. Tot el nostre personal ha estat format en Neteja a domicili Barcelona, completant cursos espec\u00edfics en l&#8217;\u00e0mbit de la neteja professional i l&#8217;\u00fas de productes i maquin\u00e0ria, la [&#8230;]<\/p>\n","protected":false},"author":1,"featured_media":0,"parent":0,"menu_order":0,"comment_status":"open","ping_status":"open","template":"","meta":{"footnotes":""},"class_list":["post-462","page","type-page","status-publish","hentry"],"aioseo_notices":[],"_links":{"self":[{"href":"https:\/\/www.limpiezaadomiciliobarcelona.com\/ca\/wp-json\/wp\/v2\/pages\/462","targetHints":{"allow":["GET"]}}],"collection":[{"href":"https:\/\/www.limpiezaadomiciliobarcelona.com\/ca\/wp-json\/wp\/v2\/pages"}],"about":[{"href":"https:\/\/www.limpiezaadomiciliobarcelona.com\/ca\/wp-json\/wp\/v2\/types\/page"}],"author":[{"embeddable":true,"href":"https:\/\/www.limpiezaadomiciliobarcelona.com\/ca\/wp-json\/wp\/v2\/users\/1"}],"replies":[{"embeddable":true,"href":"https:\/\/www.limpiezaadomiciliobarcelona.com\/ca\/wp-json\/wp\/v2\/comments?post=462"}],"version-history":[{"count":0,"href":"https:\/\/www.limpiezaadomiciliobarcelona.com\/ca\/wp-json\/wp\/v2\/pages\/462\/revisions"}],"wp:attachment":[{"href":"https:\/\/www.limpiezaadomiciliobarcelona.com\/ca\/wp-json\/wp\/v2\/media?parent=462"}],"curies":[{"name":"wp","href":"https:\/\/api.w.org\/{rel}","templated":true}]}}