{"id":447,"date":"2013-07-09T08:52:10","date_gmt":"2013-07-09T08:52:10","guid":{"rendered":"http:\/\/www.limpiezaadomiciliobarcelona.com\/?page_id=447"},"modified":"2017-04-28T15:12:23","modified_gmt":"2017-04-28T15:12:23","slug":"qui-som","status":"publish","type":"page","link":"https:\/\/www.limpiezaadomiciliobarcelona.com\/ca\/qui-som\/","title":{"rendered":"Qui som"},"content":{"rendered":"<p><strong>Neteja a domicili Barcelona<\/strong> \u00e9s una empresa familiar especialitzada en serveis per <a href=\"http:\/\/www.limpiezaadomiciliobarcelona.com\/ca\/serveis-per-al-domicili\/\">a la llar<\/a>, neteja i planxa.<\/p>\n<p style=\"text-align: justify;\">Oferim una \u00e0mplia experi\u00e8ncia en serveis a domicili a <a href=\"http:\/\/www.limpiezaadomiciliobarcelona.com\/ca\/contacte\/\">Barcelona<\/a> i formen part d&#8217;un grup de franqu\u00edcies, amb m\u00e9s de 25 anys ajudant a casa.<\/p>\n<p><a href=\"http:\/\/www.limpiezaadomiciliobarcelona.com\/wp-content\/uploads\/2013\/05\/Limpiezas_a_domicilio_Barcelona_22.jpg\"><img decoding=\"async\" class=\"lazyload alignnone size-full wp-image-370\" style=\"float: right;\" alt=\"Limpiezas_a_domicilio_Barcelona_22\" src=\"http:\/\/www.limpiezaadomiciliobarcelona.com\/wp-content\/uploads\/2013\/05\/Limpiezas_a_domicilio_Barcelona_22.jpg\" data-orig-src=\"http:\/\/www.limpiezaadomiciliobarcelona.com\/wp-content\/uploads\/2013\/05\/Limpiezas_a_domicilio_Barcelona_22.jpg\" width=\"425\" height=\"300\" srcset=\"data:image\/svg+xml,%3Csvg%20xmlns%3D%27http%3A%2F%2Fwww.w3.org%2F2000%2Fsvg%27%20width%3D%27425%27%20height%3D%27300%27%20viewBox%3D%270%200%20425%20300%27%3E%3Crect%20width%3D%27425%27%20height%3D%27300%27%20fill-opacity%3D%220%22%2F%3E%3C%2Fsvg%3E\" data-srcset=\"https:\/\/www.limpiezaadomiciliobarcelona.com\/wp-content\/uploads\/2013\/05\/Limpiezas_a_domicilio_Barcelona_22-70x50.jpg 70w, https:\/\/www.limpiezaadomiciliobarcelona.com\/wp-content\/uploads\/2013\/05\/Limpiezas_a_domicilio_Barcelona_22-300x211.jpg 300w, https:\/\/www.limpiezaadomiciliobarcelona.com\/wp-content\/uploads\/2013\/05\/Limpiezas_a_domicilio_Barcelona_22.jpg 425w\" data-sizes=\"auto\" data-orig-sizes=\"(max-width: 425px) 100vw, 425px\" \/><\/a><\/p>\n<p>&nbsp;<\/p>\n<p><strong>Per qu\u00e8 contractar-nos?<\/strong><\/p>\n<ul>\n<li><span style=\"text-decoration: underline;\"><strong>Per\u00a0 Seguretat<\/strong>:<\/span><\/li>\n<li>Som una empresa de neteja, una Societat Limitada, no una ag\u00e8ncia de selecci\u00f3 i col\u00b7locaci\u00f3 de personal dom\u00e8stic.<\/li>\n<li style=\"text-align: justify;\">Tenim el <a href=\"http:\/\/www.limpiezaadomiciliobarcelona.com\/ca\/nostre-personal\/\">nostre personal<\/a> intern. Tot el nostre equip t\u00e9 un contracte de treball amb <strong>Neteja a domicili Barcelona<\/strong>, es donat d\u2019alta a la Seguretat Social en R\u00e8gim General, amb M\u00fatua d&#8217;Accidents i P\u00f2lissa privada i ha completat formaci\u00f3 en neteja i planxa i en Prevenci\u00f3 de Riscos Laborals.<\/li>\n<li style=\"text-align: justify;\">Vost\u00e8 no t\u00e9 <a href=\"http:\/\/www.limpiezaadomiciliobarcelona.com\/ca\/llei-empleats-del-hogar\/\">cap responsabilitat<\/a> sobre l&#8217;oper\u00e0ria que treballa a la seva casa de <strong>Neteja a domicili Barcelona<\/strong>.<\/li>\n<\/ul>\n<p style=\"text-align: justify;\">\n<ul>\n<li><span style=\"text-decoration: underline;\"><strong>Per Tranquil\u00b7litat:<\/strong><\/span><\/li>\n<\/ul>\n<ul>\n<li style=\"text-align: justify;\">Als serveis fixes, sempre hi va la mateixa oper\u00e0ria i sempre dins del temps d&#8217;acord amb vost\u00e8. Som molt puntuals.<\/li>\n<li style=\"text-align: justify;\">En el cas de baixa per malaltia o vacances de la seva oper\u00e0ria habitual, la substitu\u00efm sota el seu consentiment, aix\u00ed tindr\u00e0 assegurat sempre el servei.<\/li>\n<li style=\"text-align: justify;\">Las operaries de <strong>Neteja a domicili Barcelona<\/strong> poden treballar perfectament acompanyades per vost\u00e8 o en solitari, sense que ning\u00fa sigui a casa. La seva feina ser\u00e0 igualment efica\u00e7.<\/li>\n<li style=\"text-align: justify;\">Seguiment continuo per part dels responsables de l\u2019empresa, per garantir la seva satisfacci\u00f3 amb l&#8217;oper\u00e0ria i el servei.<\/li>\n<\/ul>\n<p style=\"text-align: justify;\">\n<ul>\n<li><span style=\"text-decoration: underline;\"><strong>Per Comoditat:<\/strong><\/span><\/li>\n<li>Adaptem els protocols de neteja i d&#8217;actuaci\u00f3 segons les necessitats de la seva llar.<\/li>\n<li>Tenim gran flexibilitat hor\u00e0ria.<\/li>\n<li>El nostre personal es presenta uniformat i amb una cartera de productes de neteja professionals per a llar.<\/li>\n<li>Cobrem nom\u00e9s per les hores treballades, si no es realitza un servei, no es factura.<\/li>\n<\/ul>\n<p style=\"text-align: justify;\"><a href=\"http:\/\/www.limpiezaadomiciliobarcelona.com\/wp-content\/uploads\/2013\/05\/Susana_Munoz_Limpieza_a_domicilio_barcelona.jpg\"><img decoding=\"async\" width=\"300\" height=\"391\" class=\"lazyload alignnone size-full wp-image-410\" style=\"width: 200px; height: 261px; float: right;\" alt=\"Susana_Munoz_Limpieza_a_domicilio_barcelona\" src=\"http:\/\/www.limpiezaadomiciliobarcelona.com\/wp-content\/uploads\/2013\/05\/Susana_Munoz_Limpieza_a_domicilio_barcelona.jpg\" data-orig-src=\"http:\/\/www.limpiezaadomiciliobarcelona.com\/wp-content\/uploads\/2013\/05\/Susana_Munoz_Limpieza_a_domicilio_barcelona.jpg\" srcset=\"data:image\/svg+xml,%3Csvg%20xmlns%3D%27http%3A%2F%2Fwww.w3.org%2F2000%2Fsvg%27%20width%3D%27300%27%20height%3D%27391%27%20viewBox%3D%270%200%20300%20391%27%3E%3Crect%20width%3D%27300%27%20height%3D%27391%27%20fill-opacity%3D%220%22%2F%3E%3C%2Fsvg%3E\" data-srcset=\"https:\/\/www.limpiezaadomiciliobarcelona.com\/wp-content\/uploads\/2013\/05\/Susana_Munoz_Limpieza_a_domicilio_barcelona-230x300.jpg 230w, https:\/\/www.limpiezaadomiciliobarcelona.com\/wp-content\/uploads\/2013\/05\/Susana_Munoz_Limpieza_a_domicilio_barcelona.jpg 300w\" data-sizes=\"auto\" data-orig-sizes=\"(max-width: 300px) 100vw, 300px\" \/><\/a><\/p>\n<p>&nbsp;<\/p>\n<p>&nbsp;<\/p>\n<p><iframe class=\"lazyload\" src=\"data:image\/svg+xml,%3Csvg%20xmlns%3D%27http%3A%2F%2Fwww.w3.org%2F2000%2Fsvg%27%20width%3D%27675%27%20height%3D%27174%27%20viewBox%3D%270%200%20675%20174%27%3E%3Crect%20width%3D%27675%27%20height%3D%27174%27%20fill-opacity%3D%220%22%2F%3E%3C%2Fsvg%3E\" data-orig-src=\"https:\/\/w.soundcloud.com\/player\/?url=http%3A%2F%2Fapi.soundcloud.com%2Ftracks%2F98861355&amp;auto_play=false&amp;show_artwork=true&amp;color=c2404c\" height=\"174\" width=\"675\" frameborder=\"no\" scrolling=\"no\"><\/iframe><\/p>\n","protected":false},"excerpt":{"rendered":"<p>Neteja a domicili Barcelona \u00e9s una empresa familiar especialitzada en serveis per a la llar, neteja i planxa. Oferim una \u00e0mplia experi\u00e8ncia en serveis a domicili a Barcelona i formen part d&#8217;un grup de franqu\u00edcies, amb m\u00e9s de 25 anys ajudant a casa. &nbsp; Per qu\u00e8 contractar-nos? Per\u00a0 Seguretat: Som una empresa de neteja, una [&#8230;]<\/p>\n","protected":false},"author":1,"featured_media":0,"parent":0,"menu_order":0,"comment_status":"open","ping_status":"open","template":"","meta":{"footnotes":""},"class_list":["post-447","page","type-page","status-publish","hentry"],"aioseo_notices":[],"_links":{"self":[{"href":"https:\/\/www.limpiezaadomiciliobarcelona.com\/ca\/wp-json\/wp\/v2\/pages\/447","targetHints":{"allow":["GET"]}}],"collection":[{"href":"https:\/\/www.limpiezaadomiciliobarcelona.com\/ca\/wp-json\/wp\/v2\/pages"}],"about":[{"href":"https:\/\/www.limpiezaadomiciliobarcelona.com\/ca\/wp-json\/wp\/v2\/types\/page"}],"author":[{"embeddable":true,"href":"https:\/\/www.limpiezaadomiciliobarcelona.com\/ca\/wp-json\/wp\/v2\/users\/1"}],"replies":[{"embeddable":true,"href":"https:\/\/www.limpiezaadomiciliobarcelona.com\/ca\/wp-json\/wp\/v2\/comments?post=447"}],"version-history":[{"count":0,"href":"https:\/\/www.limpiezaadomiciliobarcelona.com\/ca\/wp-json\/wp\/v2\/pages\/447\/revisions"}],"wp:attachment":[{"href":"https:\/\/www.limpiezaadomiciliobarcelona.com\/ca\/wp-json\/wp\/v2\/media?parent=447"}],"curies":[{"name":"wp","href":"https:\/\/api.w.org\/{rel}","templated":true}]}}